{"id":2203,"date":"2025-09-18T14:55:00","date_gmt":"2025-09-18T14:55:00","guid":{"rendered":"https:\/\/wellsec.eu\/?page_id=2203"},"modified":"2025-09-18T15:19:45","modified_gmt":"2025-09-18T15:19:45","slug":"komuves-jelentkezes","status":"publish","type":"page","link":"https:\/\/wellsec.eu\/de\/komuves-jelentkezes\/","title":{"rendered":"K\u0151m\u0171ves jelentkez\u00e9s"},"content":{"rendered":"<div data-elementor-type=\"wp-page\" data-elementor-id=\"2203\" class=\"elementor elementor-2203\" data-elementor-post-type=\"page\">\n\t\t\t\t<div class=\"elementor-element elementor-element-5f6bf4b e-flex e-con-boxed e-con e-parent\" data-id=\"5f6bf4b\" data-element_type=\"container\" data-e-type=\"container\">\n\t\t\t\t\t<div class=\"e-con-inner\">\n\t\t\t\t<div class=\"elementor-element elementor-element-8341263 elementor-widget elementor-widget-html\" data-id=\"8341263\" data-element_type=\"widget\" data-e-type=\"widget\" data-widget_type=\"html.default\">\n\t\t\t\t<div class=\"elementor-widget-container\">\n\t\t\t\t\t<script async src='https:\/\/r3.minicrm.hu\/api\/loader.js?54264-23mwmjrwk40g66d9we6018njulal76'><\/script>\t\t\t\t<\/div>\n\t\t\t\t<\/div>\n\t\t\t\t\t<\/div>\n\t\t\t\t<\/div>\n\t\t\t\t<\/div>","protected":false},"excerpt":{"rendered":"","protected":false},"author":1,"featured_media":0,"parent":0,"menu_order":0,"comment_status":"closed","ping_status":"closed","template":"","meta":{"footnotes":""},"class_list":["post-2203","page","type-page","status-publish","hentry"],"_links":{"self":[{"href":"https:\/\/wellsec.eu\/de\/wp-json\/wp\/v2\/pages\/2203","targetHints":{"allow":["GET"]}}],"collection":[{"href":"https:\/\/wellsec.eu\/de\/wp-json\/wp\/v2\/pages"}],"about":[{"href":"https:\/\/wellsec.eu\/de\/wp-json\/wp\/v2\/types\/page"}],"author":[{"embeddable":true,"href":"https:\/\/wellsec.eu\/de\/wp-json\/wp\/v2\/users\/1"}],"replies":[{"embeddable":true,"href":"https:\/\/wellsec.eu\/de\/wp-json\/wp\/v2\/comments?post=2203"}],"version-history":[{"count":7,"href":"https:\/\/wellsec.eu\/de\/wp-json\/wp\/v2\/pages\/2203\/revisions"}],"predecessor-version":[{"id":2228,"href":"https:\/\/wellsec.eu\/de\/wp-json\/wp\/v2\/pages\/2203\/revisions\/2228"}],"wp:attachment":[{"href":"https:\/\/wellsec.eu\/de\/wp-json\/wp\/v2\/media?parent=2203"}],"curies":[{"name":"wp","href":"https:\/\/api.w.org\/{rel}","templated":true}]}}